{"id":102,"date":"2024-02-26T14:38:16","date_gmt":"2024-02-26T14:38:16","guid":{"rendered":"https:\/\/new.fertilab.de\/?page_id=102"},"modified":"2024-02-28T10:28:18","modified_gmt":"2024-02-28T10:28:18","slug":"impressum","status":"publish","type":"page","link":"https:\/\/fertilab.de\/index.php\/impressum\/","title":{"rendered":"Impressum"},"content":{"rendered":"\n<div class=\"wp-block-group alignfull has-base-2-background-color has-background has-global-padding is-layout-constrained wp-container-core-group-is-layout-faa9f268 wp-block-group-is-layout-constrained\" style=\"padding-top:var(--wp--preset--spacing--50);padding-right:var(--wp--preset--spacing--50);padding-bottom:var(--wp--preset--spacing--50);padding-left:var(--wp--preset--spacing--50)\">\n<div class=\"wp-block-group has-global-padding is-layout-constrained wp-container-core-group-is-layout-8177b0e7 wp-block-group-is-layout-constrained\">\n<h1 class=\"wp-block-heading has-text-align-left\" style=\"font-size:clamp(1.743rem, 1.743rem + ((1vw - 0.2rem) * 2.095), 3rem);\"><strong>Impressum<\/strong><\/h1>\n\n\n\n<div style=\"height:50px\" aria-hidden=\"true\" class=\"wp-block-spacer\"><\/div>\n\n\n\n<p class=\"has-text-align-left\" style=\"font-size:clamp(0.875rem, 0.875rem + ((1vw - 0.2rem) * 0.292), 1.05rem);\">Fertilab GmbH<br>Waldstra\u00dfe 2<br>76133 Karlsruhe<br><br>HRB: 109297<br>Aufsichtsbeh\u00f6rde: Regierungspr\u00e4sidium Karlsruhe<br><br>USt-IdNr.: DE 215041946<\/p>\n<\/div>\n\n\n\n<div class=\"wp-block-group has-global-padding is-layout-constrained wp-container-core-group-is-layout-8177b0e7 wp-block-group-is-layout-constrained\">\n<div style=\"height:50px\" aria-hidden=\"true\" class=\"wp-block-spacer\"><\/div>\n\n\n\n<h3 class=\"wp-block-heading\" style=\"font-size:clamp(1.25rem, 1.25rem + ((1vw - 0.2rem) * 1.25), 2rem);\"><strong>Kontakt<\/strong>:<\/h3>\n\n\n\n<p style=\"font-size:clamp(0.875rem, 0.875rem + ((1vw - 0.2rem) * 0.292), 1.05rem);\">Telefon: 0721 824 670-98<br>Telefax: 0721 824 670-99<br>E-Mail: <a href=\"mailto:info@fertilab.de\">info@fertilab.de<\/a><\/p>\n\n\n\n<div style=\"height:50px\" aria-hidden=\"true\" class=\"wp-block-spacer\"><\/div>\n\n\n\n<h3 class=\"wp-block-heading\" style=\"font-size:clamp(1.25rem, 1.25rem + ((1vw - 0.2rem) * 1.25), 2rem);\"><strong>Gesch\u00e4ftsf\u00fchrer:<\/strong><\/h3>\n\n\n\n<p style=\"font-size:clamp(0.875rem, 0.875rem + ((1vw - 0.2rem) * 0.292), 1.05rem);\">Dr. rer. nat. Frank Tetens, Dipl.-Biol.<br>Senior Clinical Embryologist (ESHRE)<br>Reproduktionsbiologe (AGRBM)<\/p>\n<\/div>\n<\/div>\n","protected":false},"excerpt":{"rendered":"<p>Impressum Fertilab GmbHWaldstra\u00dfe 276133 Karlsruhe HRB: 109297Aufsichtsbeh\u00f6rde: Regierungspr\u00e4sidium Karlsruhe USt-IdNr.: DE 215041946 Kontakt: Telefon: 0721 824 670-98Telefax: 0721 824 670-99E-Mail: info@fertilab.de Gesch\u00e4ftsf\u00fchrer: Dr. rer. nat. Frank Tetens, Dipl.-Biol.Senior Clinical Embryologist (ESHRE)Reproduktionsbiologe (AGRBM)<\/p>\n","protected":false},"author":1,"featured_media":0,"parent":0,"menu_order":0,"comment_status":"closed","ping_status":"closed","template":"","meta":{"footnotes":""},"class_list":["post-102","page","type-page","status-publish","hentry"],"_links":{"self":[{"href":"https:\/\/fertilab.de\/index.php\/wp-json\/wp\/v2\/pages\/102","targetHints":{"allow":["GET"]}}],"collection":[{"href":"https:\/\/fertilab.de\/index.php\/wp-json\/wp\/v2\/pages"}],"about":[{"href":"https:\/\/fertilab.de\/index.php\/wp-json\/wp\/v2\/types\/page"}],"author":[{"embeddable":true,"href":"https:\/\/fertilab.de\/index.php\/wp-json\/wp\/v2\/users\/1"}],"replies":[{"embeddable":true,"href":"https:\/\/fertilab.de\/index.php\/wp-json\/wp\/v2\/comments?post=102"}],"version-history":[{"count":23,"href":"https:\/\/fertilab.de\/index.php\/wp-json\/wp\/v2\/pages\/102\/revisions"}],"predecessor-version":[{"id":197,"href":"https:\/\/fertilab.de\/index.php\/wp-json\/wp\/v2\/pages\/102\/revisions\/197"}],"wp:attachment":[{"href":"https:\/\/fertilab.de\/index.php\/wp-json\/wp\/v2\/media?parent=102"}],"curies":[{"name":"wp","href":"https:\/\/api.w.org\/{rel}","templated":true}]}}